{"id":508,"date":"2023-10-15T23:03:14","date_gmt":"2023-10-15T21:03:14","guid":{"rendered":"https:\/\/dissidentrole.it\/?page_id=508"},"modified":"2023-10-16T14:47:08","modified_gmt":"2023-10-16T12:47:08","slug":"about","status":"publish","type":"page","link":"https:\/\/dissidentrole.it\/?page_id=508","title":{"rendered":"About"},"content":{"rendered":"\t\t<div data-elementor-type=\"wp-page\" data-elementor-id=\"508\" class=\"elementor elementor-508\" data-elementor-settings=\"{&quot;ha_cmc_init_switcher&quot;:&quot;no&quot;}\" data-elementor-post-type=\"page\">\n\t\t\t\t<div data-particle_enable=\"false\" data-particle-mobile-disabled=\"false\" class=\"elementor-element elementor-element-7dae7ca e-con-full e-flex e-con e-parent\" data-id=\"7dae7ca\" data-element_type=\"container\" data-e-type=\"container\" data-settings=\"{&quot;background_background&quot;:&quot;classic&quot;,&quot;_ha_eqh_enable&quot;:false}\">\n\t\t\t\t<div class=\"elementor-element elementor-element-a059453 exad-sticky-section-no exad-glass-effect-no elementor-widget elementor-widget-exad-animated-text\" data-id=\"a059453\" data-element_type=\"widget\" data-e-type=\"widget\" data-widget_type=\"exad-animated-text.default\">\n\t\t\t\t<div class=\"elementor-widget-container\">\n\t\t\t\t\t\r\n\t\t<div class=\"exad-animated-text exad-animated-text-align-center\">\r\n\r\n\t\t\t\r\n\t\t\t<h3 class=\"exad-typed-strings\" data-type_string=\"[&quot;geni&quot;,&quot;cretini&quot;,&quot;filantropi&quot;,&quot;poveracci&quot;]\" data-heading_animation=\"exad-typed-animation\" data-type_speed=\"60\" data-back_type_speed=\"60\" data-loop=\"yes\" data-show_cursor=\"yes\" data-fade_out=\"\" data-smart_backspace=\"yes\" data-start_delay=\"1000\" data-back_delay=\"1000\">\r\n\r\n\t\t\t\t\t\t\t\t\r\n\t\t\t\t<span class=\"exad-animated-text-pre-heading\">\r\n\t\t\t\t\tChi sono questi\t\t\t\t<\/span>\r\n\t\t\t\t\r\n\t\t\t\t<span id=\"exad-animated-text-168\" class=\"exad-animated-text-animated-heading\"><\/span>\t\t\t\t\r\n\t\t\t\t<span class=\"exad-animated-text-post-heading\">\r\n\t\t\t\t\t?\t\t\t\t<\/span>\r\n\t\t\t\t\r\n\t\t\t<\/h3>\r\n\r\n\t\t\t\r\n\t\t<\/div>\r\n\t\t\t\t\t<\/div>\n\t\t\t\t<\/div>\n\t\t\t\t<\/div>\n\t\t\t\t<section data-particle_enable=\"false\" data-particle-mobile-disabled=\"false\" data-exad-particle-enable=\"false\" class=\"elementor-section elementor-top-section elementor-element elementor-element-656f83b8 elementor-section-height-min-height elementor-section-items-stretch elementor-section-full_width elementor-section-height-default exad-parallax-effect-no exad-background-color-change-no exad-glass-effect-no exad-sticky-section-no\" data-id=\"656f83b8\" data-element_type=\"section\" data-e-type=\"section\" data-settings=\"{&quot;_ha_eqh_enable&quot;:false}\">\n\t\t\t\t\t\t<div class=\"elementor-container elementor-column-gap-wider\">\n\t\t\t\t\t<div class=\"elementor-column elementor-col-50 elementor-top-column elementor-element elementor-element-be14112 exad-glass-effect-no exad-sticky-section-no\" data-id=\"be14112\" data-element_type=\"column\" data-e-type=\"column\">\n\t\t\t<div class=\"elementor-widget-wrap elementor-element-populated\">\n\t\t\t\t\t\t<div class=\"elementor-element elementor-element-592f19f exad-sticky-section-no exad-glass-effect-no elementor-widget elementor-widget-ha-member happy-addon ha-member\" data-id=\"592f19f\" data-element_type=\"widget\" data-e-type=\"widget\" data-settings=\"{&quot;motion_fx_motion_fx_scrolling&quot;:&quot;yes&quot;,&quot;motion_fx_opacity_effect&quot;:&quot;yes&quot;,&quot;motion_fx_opacity_direction&quot;:&quot;in-out&quot;,&quot;motion_fx_opacity_range&quot;:{&quot;unit&quot;:&quot;%&quot;,&quot;size&quot;:&quot;&quot;,&quot;sizes&quot;:{&quot;start&quot;:54,&quot;end&quot;:94}},&quot;motion_fx_range&quot;:&quot;viewport&quot;,&quot;_animation&quot;:&quot;none&quot;,&quot;motion_fx_opacity_level&quot;:{&quot;unit&quot;:&quot;px&quot;,&quot;size&quot;:10,&quot;sizes&quot;:[]},&quot;motion_fx_devices&quot;:[&quot;desktop&quot;,&quot;tablet&quot;,&quot;mobile&quot;]}\" data-widget_type=\"ha-member.default\">\n\t\t\t\t<div class=\"elementor-widget-container\">\n\t\t\t\t\t\n\t\t\t\t\t<figure class=\"ha-member-figure\">\n\t\t\t\t<img fetchpriority=\"high\" decoding=\"async\" width=\"300\" height=\"300\" src=\"https:\/\/dissidentrole.it\/wp-content\/uploads\/2023\/10\/demiurgo-300x300.png\" class=\"elementor-animation-disable-animation attachment-medium size-medium wp-image-611\" alt=\"\" srcset=\"https:\/\/dissidentrole.it\/wp-content\/uploads\/2023\/10\/demiurgo-300x300.png 300w, https:\/\/dissidentrole.it\/wp-content\/uploads\/2023\/10\/demiurgo-150x150.png 150w, https:\/\/dissidentrole.it\/wp-content\/uploads\/2023\/10\/demiurgo-768x768.png 768w, https:\/\/dissidentrole.it\/wp-content\/uploads\/2023\/10\/demiurgo.png 1024w\" sizes=\"(max-width: 300px) 100vw, 300px\" \/>\t\t\t<\/figure>\n\t\t\n\t\t<div class=\"ha-member-body\">\n\t\t\t<h2 class=\"ha-member-name\">Il Demiurgo<\/h2>\n\t\t\t\t\t\t\t<div class=\"ha-member-position\">L'entit\u00e0 primaria, un deficente<\/div>\n\t\t\t\n\t\t\t\t\t\t\t<div class=\"ha-member-bio\">\n\t\t\t\t\t<p>Il demiurgo \u00e8 l'entit\u00e0 che ha creato Dissident Role. <br>\nNon che questo sia un grande vanto.<br><br>\n\nNon si sa molto su di lui, se non che per rivolgersi a lui \u00e8 necessario superare una prova di intelletto (non molto difficile tra l'altro) al fine di interpellarlo.\n<br><br>\n<b>Gdr preferito:<\/b> Kult - Raven Distribution\n<br>\n<b>Librogame preferito:<\/b> Thule - Marco Zamanni<\/p>\n\t\t\t\t<\/div>\n\t\t\t\n\t\t\t\n\t\t\t\n\t\t\t\t\t<\/div>\n\t\t\t\t\t\t<\/div>\n\t\t\t\t<\/div>\n\t\t\t\t\t<\/div>\n\t\t<\/div>\n\t\t\t\t<div class=\"elementor-column elementor-col-50 elementor-top-column elementor-element elementor-element-3021300 exad-glass-effect-no exad-sticky-section-no\" data-id=\"3021300\" data-element_type=\"column\" data-e-type=\"column\">\n\t\t\t<div class=\"elementor-widget-wrap elementor-element-populated\">\n\t\t\t\t\t\t<div class=\"elementor-element elementor-element-7181be2 exad-sticky-section-no exad-glass-effect-no elementor-widget elementor-widget-ha-member happy-addon ha-member\" data-id=\"7181be2\" data-element_type=\"widget\" data-e-type=\"widget\" data-settings=\"{&quot;motion_fx_motion_fx_scrolling&quot;:&quot;yes&quot;,&quot;motion_fx_opacity_effect&quot;:&quot;yes&quot;,&quot;motion_fx_opacity_direction&quot;:&quot;in-out&quot;,&quot;motion_fx_opacity_range&quot;:{&quot;unit&quot;:&quot;%&quot;,&quot;size&quot;:&quot;&quot;,&quot;sizes&quot;:{&quot;start&quot;:54,&quot;end&quot;:94}},&quot;motion_fx_range&quot;:&quot;viewport&quot;,&quot;_animation&quot;:&quot;none&quot;,&quot;motion_fx_opacity_level&quot;:{&quot;unit&quot;:&quot;px&quot;,&quot;size&quot;:10,&quot;sizes&quot;:[]},&quot;motion_fx_devices&quot;:[&quot;desktop&quot;,&quot;tablet&quot;,&quot;mobile&quot;]}\" data-widget_type=\"ha-member.default\">\n\t\t\t\t<div class=\"elementor-widget-container\">\n\t\t\t\t\t\n\t\t\t\t\t<figure class=\"ha-member-figure\">\n\t\t\t\t<img decoding=\"async\" width=\"300\" height=\"300\" src=\"https:\/\/dissidentrole.it\/wp-content\/uploads\/2023\/10\/rulistaanonima-300x300.png\" class=\"elementor-animation-disable-animation attachment-medium size-medium wp-image-614\" alt=\"\" srcset=\"https:\/\/dissidentrole.it\/wp-content\/uploads\/2023\/10\/rulistaanonima-300x300.png 300w, https:\/\/dissidentrole.it\/wp-content\/uploads\/2023\/10\/rulistaanonima-150x150.png 150w, https:\/\/dissidentrole.it\/wp-content\/uploads\/2023\/10\/rulistaanonima-768x768.png 768w, https:\/\/dissidentrole.it\/wp-content\/uploads\/2023\/10\/rulistaanonima.png 1024w\" sizes=\"(max-width: 300px) 100vw, 300px\" \/>\t\t\t<\/figure>\n\t\t\n\t\t<div class=\"ha-member-body\">\n\t\t\t<h2 class=\"ha-member-name\">La Roulista Anonima<\/h2>\n\t\t\t\t\t\t\t<div class=\"ha-member-position\">L'intenditrice del gruppo<\/div>\n\t\t\t\n\t\t\t\n\t\t\t\n\t\t\t\n\t\t\t\t\t<\/div>\n\t\t\t\t\t\t<\/div>\n\t\t\t\t<\/div>\n\t\t\t\t\t<\/div>\n\t\t<\/div>\n\t\t\t\t\t<\/div>\n\t\t<\/section>\n\t\t\t\t<\/div>\n\t\t","protected":false},"excerpt":{"rendered":"<p>Chi sono questi? Il Demiurgo L&#8217;entit\u00e0 primaria, un deficente Il demiurgo \u00e8 l&#8217;entit\u00e0 che ha creato Dissident Role. Non che questo sia un grande vanto. Non si sa molto su di lui, se non che per rivolgersi a lui \u00e8 necessario superare una prova di intelletto (non molto difficile tra l&#8217;altro) al fine di interpellarlo. [&hellip;]<\/p>\n","protected":false},"author":1,"featured_media":512,"parent":0,"menu_order":0,"comment_status":"closed","ping_status":"closed","template":"elementor_header_footer","meta":{"om_disable_all_campaigns":false,"_monsterinsights_skip_tracking":false,"_monsterinsights_sitenote_active":false,"_monsterinsights_sitenote_note":"","_monsterinsights_sitenote_category":0,"_uf_show_specific_survey":0,"_uf_disable_surveys":false,"footnotes":""},"class_list":["post-508","page","type-page","status-publish","has-post-thumbnail","hentry"],"blocksy_meta":[],"aioseo_notices":[],"_links":{"self":[{"href":"https:\/\/dissidentrole.it\/index.php?rest_route=\/wp\/v2\/pages\/508","targetHints":{"allow":["GET"]}}],"collection":[{"href":"https:\/\/dissidentrole.it\/index.php?rest_route=\/wp\/v2\/pages"}],"about":[{"href":"https:\/\/dissidentrole.it\/index.php?rest_route=\/wp\/v2\/types\/page"}],"author":[{"embeddable":true,"href":"https:\/\/dissidentrole.it\/index.php?rest_route=\/wp\/v2\/users\/1"}],"replies":[{"embeddable":true,"href":"https:\/\/dissidentrole.it\/index.php?rest_route=%2Fwp%2Fv2%2Fcomments&post=508"}],"version-history":[{"count":10,"href":"https:\/\/dissidentrole.it\/index.php?rest_route=\/wp\/v2\/pages\/508\/revisions"}],"predecessor-version":[{"id":620,"href":"https:\/\/dissidentrole.it\/index.php?rest_route=\/wp\/v2\/pages\/508\/revisions\/620"}],"wp:featuredmedia":[{"embeddable":true,"href":"https:\/\/dissidentrole.it\/index.php?rest_route=\/wp\/v2\/media\/512"}],"wp:attachment":[{"href":"https:\/\/dissidentrole.it\/index.php?rest_route=%2Fwp%2Fv2%2Fmedia&parent=508"}],"curies":[{"name":"wp","href":"https:\/\/api.w.org\/{rel}","templated":true}]}}