{"id":513,"date":"2023-10-15T23:03:15","date_gmt":"2023-10-15T21:03:15","guid":{"rendered":"https:\/\/dissidentrole.it\/?page_id=513"},"modified":"2023-10-16T14:49:07","modified_gmt":"2023-10-16T12:49:07","slug":"home-2","status":"publish","type":"page","link":"https:\/\/dissidentrole.it\/","title":{"rendered":"Home"},"content":{"rendered":"\t\t<div data-elementor-type=\"wp-page\" data-elementor-id=\"513\" class=\"elementor elementor-513\" data-elementor-settings=\"{&quot;ha_cmc_init_switcher&quot;:&quot;no&quot;}\" data-elementor-post-type=\"page\">\n\t\t\t\t\t\t<section data-particle_enable=\"false\" data-particle-mobile-disabled=\"false\" data-exad-particle-enable=\"false\" class=\"elementor-section elementor-top-section elementor-element elementor-element-199af3ef elementor-section-height-min-height elementor-section-boxed elementor-section-height-default elementor-section-items-middle exad-parallax-effect-no exad-background-color-change-no exad-sticky-section-no\" data-id=\"199af3ef\" data-element_type=\"section\" data-e-type=\"section\" data-settings=\"{&quot;background_background&quot;:&quot;classic&quot;,&quot;_ha_eqh_enable&quot;:false}\">\n\t\t\t\t\t\t<div class=\"elementor-container elementor-column-gap-default\">\n\t\t\t\t\t<div class=\"elementor-column elementor-col-100 elementor-top-column elementor-element elementor-element-3202fc74 exad-glass-effect-no exad-sticky-section-no\" data-id=\"3202fc74\" data-element_type=\"column\" data-e-type=\"column\">\n\t\t\t<div class=\"elementor-widget-wrap elementor-element-populated\">\n\t\t\t\t\t\t<div class=\"elementor-element elementor-element-8823bb8 ha-css-transform-yes exad-sticky-section-no exad-glass-effect-no elementor-widget elementor-widget-eael-adv-tabs\" data-id=\"8823bb8\" data-element_type=\"widget\" data-e-type=\"widget\" data-widget_type=\"eael-adv-tabs.default\">\n\t\t\t\t<div class=\"elementor-widget-container\">\n\t\t\t\t\t        <div data-scroll-on-click=\"no\" data-scroll-speed=\"300\" id=\"eael-advance-tabs-8823bb8\" class=\"eael-advance-tabs eael-tabs-horizontal eael-tab-auto-active  responsive-vertical-layout\" data-tabid=\"8823bb8\">\n            <div class=\"eael-tabs-nav \">\n                <ul class=\"\" role=\"tablist\">\n                                            <li id=\"chi-siete\" class=\"active-default eael-tab-item-trigger eael-tab-nav-item\" aria-selected=\"true\" data-tab=\"1\" role=\"tab\" tabindex=\"0\" aria-controls=\"chi-siete-tab\" aria-expanded=\"false\">\n                            \n                            \n                            \n                                                            <span class=\"eael-tab-title title-after-icon\" >Chi siete?<\/span>                                                    <\/li>\n                                            <li id=\"cosa-fate\" class=\"inactive eael-tab-item-trigger eael-tab-nav-item\" aria-selected=\"false\" data-tab=\"2\" role=\"tab\" tabindex=\"-1\" aria-controls=\"cosa-fate-tab\" aria-expanded=\"false\">\n                            \n                            \n                            \n                                                            <span class=\"eael-tab-title title-after-icon\" >Cosa fate?<\/span>                                                    <\/li>\n                                            <li id=\"cosa-portate\" class=\"inactive eael-tab-item-trigger eael-tab-nav-item\" aria-selected=\"false\" data-tab=\"3\" role=\"tab\" tabindex=\"-1\" aria-controls=\"cosa-portate-tab\" aria-expanded=\"false\">\n                            \n                            \n                            \n                                                            <span class=\"eael-tab-title title-after-icon\" >Cosa portate?<\/span>                                                    <\/li>\n                                            <li id=\"s-ma-quanti-siete\" class=\"inactive eael-tab-item-trigger eael-tab-nav-item\" aria-selected=\"false\" data-tab=\"4\" role=\"tab\" tabindex=\"-1\" aria-controls=\"s-ma-quanti-siete-tab\" aria-expanded=\"false\">\n                            \n                            \n                            \n                                                            <span class=\"eael-tab-title title-after-icon\" >S\u00ec, ma quanti siete?<\/span>                                                    <\/li>\n                    \n                                  <\/ul>\n            <\/div>\n            \n            <div class=\"eael-tabs-content\">\n\t\t        \n                    <div id=\"chi-siete-tab\" class=\"clearfix eael-tab-content-item active-default\" data-title-link=\"chi-siete-tab\">\n\t\t\t\t        <p>Siamo un gruppo di persone o forse le diverse personalit\u00e0 di un singolo individuo con la passione per giochi di ruolo e librigame.<\/p><p>Se vuoi saperne qualcosa in pi\u00f9, esiste una <a title=\"About\" href=\"https:\/\/dissidentrole.it\/?page_id=508\">pagina apposita<\/a><\/p>                    <\/div>\n\t\t        \n                    <div id=\"cosa-fate-tab\" class=\"clearfix eael-tab-content-item inactive\" data-title-link=\"cosa-fate-tab\">\n\t\t\t\t        Enhance user experience with Advanced Tabs, allowing seamless content navigation. Organize information efficiently while keeping the interface clean and interactive. Perfect for FAQs, product details, or multi-section content.                    <\/div>\n\t\t        \n                    <div id=\"cosa-portate-tab\" class=\"clearfix eael-tab-content-item inactive\" data-title-link=\"cosa-portate-tab\">\n\t\t\t\t        Enhance user experience with Advanced Tabs, allowing seamless content navigation. Organize information efficiently while keeping the interface clean and interactive. Perfect for FAQs, product details, or multi-section content.                    <\/div>\n\t\t        \n                    <div id=\"s-ma-quanti-siete-tab\" class=\"clearfix eael-tab-content-item inactive\" data-title-link=\"s-ma-quanti-siete-tab\">\n\t\t\t\t        Enhance user experience with Advanced Tabs, allowing seamless content navigation. Organize information efficiently while keeping the interface clean and interactive. Perfect for FAQs, product details, or multi-section content.                    <\/div>\n\t\t                    <\/div>\n        <\/div>\n\t\t\t\t<\/div>\n\t\t\t\t<\/div>\n\t\t\t\t\t<\/div>\n\t\t<\/div>\n\t\t\t\t\t<\/div>\n\t\t<\/section>\n\t\t\t\t<section data-particle_enable=\"false\" data-particle-mobile-disabled=\"false\" data-exad-particle-enable=\"false\" class=\"elementor-section elementor-top-section elementor-element elementor-element-3b436335 elementor-section-boxed elementor-section-height-default elementor-section-height-default exad-parallax-effect-no exad-background-color-change-no exad-glass-effect-no exad-sticky-section-no\" data-id=\"3b436335\" data-element_type=\"section\" data-e-type=\"section\" data-settings=\"{&quot;_ha_eqh_enable&quot;:false}\">\n\t\t\t\t\t\t<div class=\"elementor-container elementor-column-gap-default\">\n\t\t\t\t\t<div class=\"elementor-column elementor-col-100 elementor-top-column elementor-element elementor-element-457a3ea9 exad-glass-effect-no exad-sticky-section-no\" data-id=\"457a3ea9\" data-element_type=\"column\" data-e-type=\"column\">\n\t\t\t<div class=\"elementor-widget-wrap elementor-element-populated\">\n\t\t\t\t\t\t<div class=\"elementor-element elementor-element-76e20e1b exad-sticky-section-no exad-glass-effect-no elementor-widget elementor-widget-heading\" data-id=\"76e20e1b\" data-element_type=\"widget\" data-e-type=\"widget\" data-widget_type=\"heading.default\">\n\t\t\t\t<div class=\"elementor-widget-container\">\n\t\t\t\t\t<h2 class=\"elementor-heading-title elementor-size-default\">Popular Posts:<\/h2>\t\t\t\t<\/div>\n\t\t\t\t<\/div>\n\t\t\t\t<div class=\"elementor-element elementor-element-15411d0e elementor-posts__hover-none elementor-grid-2 elementor-grid-tablet-2 elementor-grid-mobile-1 elementor-posts--thumbnail-top exad-sticky-section-no exad-glass-effect-no elementor-widget elementor-widget-posts\" data-id=\"15411d0e\" data-element_type=\"widget\" data-e-type=\"widget\" data-settings=\"{&quot;cards_row_gap&quot;:{&quot;unit&quot;:&quot;px&quot;,&quot;size&quot;:80,&quot;sizes&quot;:[]},&quot;cards_row_gap_tablet&quot;:{&quot;unit&quot;:&quot;px&quot;,&quot;size&quot;:71,&quot;sizes&quot;:[]},&quot;cards_row_gap_mobile&quot;:{&quot;unit&quot;:&quot;px&quot;,&quot;size&quot;:30,&quot;sizes&quot;:[]},&quot;cards_columns&quot;:&quot;2&quot;,&quot;cards_columns_tablet&quot;:&quot;2&quot;,&quot;cards_columns_mobile&quot;:&quot;1&quot;}\" data-widget_type=\"posts.cards\">\n\t\t\t\t<div class=\"elementor-widget-container\">\n\t\t\t\t\t\t\t<div class=\"elementor-posts-container elementor-posts elementor-posts--skin-cards elementor-grid\">\n\t\t\t\t<article class=\"elementor-post elementor-grid-item post-499 post type-post status-publish format-standard has-post-thumbnail hentry category-blog\">\n\t\t\t<div class=\"elementor-post__card\">\n\t\t\t\t<a class=\"elementor-post__thumbnail__link\" href=\"https:\/\/dissidentrole.it\/?p=499\" tabindex=\"-1\" ><div class=\"elementor-post__thumbnail\"><img fetchpriority=\"high\" decoding=\"async\" width=\"1027\" height=\"835\" src=\"https:\/\/dissidentrole.it\/wp-content\/uploads\/2023\/10\/Image_Placeholder_3-131220211647-9.jpg\" class=\"attachment-full size-full wp-image-502\" alt=\"\" srcset=\"https:\/\/dissidentrole.it\/wp-content\/uploads\/2023\/10\/Image_Placeholder_3-131220211647-9.jpg 1027w, https:\/\/dissidentrole.it\/wp-content\/uploads\/2023\/10\/Image_Placeholder_3-131220211647-9-300x244.jpg 300w, https:\/\/dissidentrole.it\/wp-content\/uploads\/2023\/10\/Image_Placeholder_3-131220211647-9-1024x833.jpg 1024w, https:\/\/dissidentrole.it\/wp-content\/uploads\/2023\/10\/Image_Placeholder_3-131220211647-9-768x624.jpg 768w\" sizes=\"(max-width: 1027px) 100vw, 1027px\" \/><\/div><\/a>\n\t\t\t\t<div class=\"elementor-post__text\">\n\t\t\t\t<h4 class=\"elementor-post__title\">\n\t\t\t<a href=\"https:\/\/dissidentrole.it\/?p=499\" >\n\t\t\t\tBlog Post Title\t\t\t<\/a>\n\t\t<\/h4>\n\t\t\t\t<div class=\"elementor-post__excerpt\">\n\t\t\t<p>Blog post excerpt [1-2 lines]. This text is automatically pulled from your existing blog post.<\/p>\n\t\t<\/div>\n\t\t\n\t\t<a class=\"elementor-post__read-more\" href=\"https:\/\/dissidentrole.it\/?p=499\" aria-label=\"Read more about Blog Post Title\" tabindex=\"-1\" >\n\t\t\tRead More\t\t<\/a>\n\n\t\t\t\t<\/div>\n\t\t\t\t\t<\/div>\n\t\t<\/article>\n\t\t\t\t<article class=\"elementor-post elementor-grid-item post-495 post type-post status-publish format-standard has-post-thumbnail hentry category-blog\">\n\t\t\t<div class=\"elementor-post__card\">\n\t\t\t\t<a class=\"elementor-post__thumbnail__link\" href=\"https:\/\/dissidentrole.it\/?p=495\" tabindex=\"-1\" ><div class=\"elementor-post__thumbnail\"><img decoding=\"async\" width=\"1027\" height=\"835\" src=\"https:\/\/dissidentrole.it\/wp-content\/uploads\/2023\/10\/Image_Placeholder_3-131220211647-8.jpg\" class=\"attachment-full size-full wp-image-498\" alt=\"\" srcset=\"https:\/\/dissidentrole.it\/wp-content\/uploads\/2023\/10\/Image_Placeholder_3-131220211647-8.jpg 1027w, https:\/\/dissidentrole.it\/wp-content\/uploads\/2023\/10\/Image_Placeholder_3-131220211647-8-300x244.jpg 300w, https:\/\/dissidentrole.it\/wp-content\/uploads\/2023\/10\/Image_Placeholder_3-131220211647-8-1024x833.jpg 1024w, https:\/\/dissidentrole.it\/wp-content\/uploads\/2023\/10\/Image_Placeholder_3-131220211647-8-768x624.jpg 768w\" sizes=\"(max-width: 1027px) 100vw, 1027px\" \/><\/div><\/a>\n\t\t\t\t<div class=\"elementor-post__text\">\n\t\t\t\t<h4 class=\"elementor-post__title\">\n\t\t\t<a href=\"https:\/\/dissidentrole.it\/?p=495\" >\n\t\t\t\tBlog Post Title\t\t\t<\/a>\n\t\t<\/h4>\n\t\t\t\t<div class=\"elementor-post__excerpt\">\n\t\t\t<p>Blog post excerpt [1-2 lines]. This text is automatically pulled from your existing blog post.<\/p>\n\t\t<\/div>\n\t\t\n\t\t<a class=\"elementor-post__read-more\" href=\"https:\/\/dissidentrole.it\/?p=495\" aria-label=\"Read more about Blog Post Title\" tabindex=\"-1\" >\n\t\t\tRead More\t\t<\/a>\n\n\t\t\t\t<\/div>\n\t\t\t\t\t<\/div>\n\t\t<\/article>\n\t\t\t\t<\/div>\n\t\t\n\t\t\t\t\t\t<\/div>\n\t\t\t\t<\/div>\n\t\t\t\t\t<\/div>\n\t\t<\/div>\n\t\t\t\t\t<\/div>\n\t\t<\/section>\n\t\t\t\t<section data-particle_enable=\"false\" data-particle-mobile-disabled=\"false\" data-exad-particle-enable=\"false\" class=\"elementor-section elementor-top-section elementor-element elementor-element-252945d2 elementor-section-boxed elementor-section-height-default elementor-section-height-default exad-parallax-effect-no exad-background-color-change-no exad-glass-effect-no exad-sticky-section-no\" data-id=\"252945d2\" data-element_type=\"section\" data-e-type=\"section\" data-settings=\"{&quot;_ha_eqh_enable&quot;:false}\">\n\t\t\t\t\t\t<div class=\"elementor-container elementor-column-gap-default\">\n\t\t\t\t\t<div class=\"elementor-column elementor-col-100 elementor-top-column elementor-element elementor-element-6135ef39 exad-glass-effect-no exad-sticky-section-no\" data-id=\"6135ef39\" data-element_type=\"column\" data-e-type=\"column\">\n\t\t\t<div class=\"elementor-widget-wrap elementor-element-populated\">\n\t\t\t\t\t\t<div class=\"elementor-element elementor-element-41eeecc0 exad-sticky-section-no exad-glass-effect-no elementor-widget elementor-widget-heading\" data-id=\"41eeecc0\" data-element_type=\"widget\" data-e-type=\"widget\" data-widget_type=\"heading.default\">\n\t\t\t\t<div class=\"elementor-widget-container\">\n\t\t\t\t\t<h2 class=\"elementor-heading-title elementor-size-default\">Recent Posts:<\/h2>\t\t\t\t<\/div>\n\t\t\t\t<\/div>\n\t\t\t\t<div class=\"elementor-element elementor-element-25174eef elementor-posts__hover-none elementor-grid-3 elementor-grid-tablet-2 elementor-grid-mobile-1 elementor-posts--thumbnail-top exad-sticky-section-no exad-glass-effect-no elementor-widget elementor-widget-posts\" data-id=\"25174eef\" data-element_type=\"widget\" data-e-type=\"widget\" data-settings=\"{&quot;cards_row_gap&quot;:{&quot;unit&quot;:&quot;px&quot;,&quot;size&quot;:80,&quot;sizes&quot;:[]},&quot;cards_row_gap_tablet&quot;:{&quot;unit&quot;:&quot;px&quot;,&quot;size&quot;:71,&quot;sizes&quot;:[]},&quot;cards_row_gap_mobile&quot;:{&quot;unit&quot;:&quot;px&quot;,&quot;size&quot;:30,&quot;sizes&quot;:[]},&quot;cards_columns&quot;:&quot;3&quot;,&quot;cards_columns_tablet&quot;:&quot;2&quot;,&quot;cards_columns_mobile&quot;:&quot;1&quot;}\" data-widget_type=\"posts.cards\">\n\t\t\t\t<div class=\"elementor-widget-container\">\n\t\t\t\t\t\t\t<div class=\"elementor-posts-container elementor-posts elementor-posts--skin-cards elementor-grid\">\n\t\t\t\t<article class=\"elementor-post elementor-grid-item post-499 post type-post status-publish format-standard has-post-thumbnail hentry category-blog\">\n\t\t\t<div class=\"elementor-post__card\">\n\t\t\t\t<a class=\"elementor-post__thumbnail__link\" href=\"https:\/\/dissidentrole.it\/?p=499\" tabindex=\"-1\" ><div class=\"elementor-post__thumbnail\"><img fetchpriority=\"high\" decoding=\"async\" width=\"1027\" height=\"835\" src=\"https:\/\/dissidentrole.it\/wp-content\/uploads\/2023\/10\/Image_Placeholder_3-131220211647-9.jpg\" class=\"attachment-full size-full wp-image-502\" alt=\"\" srcset=\"https:\/\/dissidentrole.it\/wp-content\/uploads\/2023\/10\/Image_Placeholder_3-131220211647-9.jpg 1027w, https:\/\/dissidentrole.it\/wp-content\/uploads\/2023\/10\/Image_Placeholder_3-131220211647-9-300x244.jpg 300w, https:\/\/dissidentrole.it\/wp-content\/uploads\/2023\/10\/Image_Placeholder_3-131220211647-9-1024x833.jpg 1024w, https:\/\/dissidentrole.it\/wp-content\/uploads\/2023\/10\/Image_Placeholder_3-131220211647-9-768x624.jpg 768w\" sizes=\"(max-width: 1027px) 100vw, 1027px\" \/><\/div><\/a>\n\t\t\t\t<div class=\"elementor-post__text\">\n\t\t\t\t<h4 class=\"elementor-post__title\">\n\t\t\t<a href=\"https:\/\/dissidentrole.it\/?p=499\" >\n\t\t\t\tBlog Post Title\t\t\t<\/a>\n\t\t<\/h4>\n\t\t\t\t<div class=\"elementor-post__excerpt\">\n\t\t\t<p>Blog post excerpt [1-2 lines]. This text is automatically pulled from your existing blog post.<\/p>\n\t\t<\/div>\n\t\t\n\t\t<a class=\"elementor-post__read-more\" href=\"https:\/\/dissidentrole.it\/?p=499\" aria-label=\"Read more about Blog Post Title\" tabindex=\"-1\" >\n\t\t\tRead More\t\t<\/a>\n\n\t\t\t\t<\/div>\n\t\t\t\t\t<\/div>\n\t\t<\/article>\n\t\t\t\t<article class=\"elementor-post elementor-grid-item post-495 post type-post status-publish format-standard has-post-thumbnail hentry category-blog\">\n\t\t\t<div class=\"elementor-post__card\">\n\t\t\t\t<a class=\"elementor-post__thumbnail__link\" href=\"https:\/\/dissidentrole.it\/?p=495\" tabindex=\"-1\" ><div class=\"elementor-post__thumbnail\"><img decoding=\"async\" width=\"1027\" height=\"835\" src=\"https:\/\/dissidentrole.it\/wp-content\/uploads\/2023\/10\/Image_Placeholder_3-131220211647-8.jpg\" class=\"attachment-full size-full wp-image-498\" alt=\"\" srcset=\"https:\/\/dissidentrole.it\/wp-content\/uploads\/2023\/10\/Image_Placeholder_3-131220211647-8.jpg 1027w, https:\/\/dissidentrole.it\/wp-content\/uploads\/2023\/10\/Image_Placeholder_3-131220211647-8-300x244.jpg 300w, https:\/\/dissidentrole.it\/wp-content\/uploads\/2023\/10\/Image_Placeholder_3-131220211647-8-1024x833.jpg 1024w, https:\/\/dissidentrole.it\/wp-content\/uploads\/2023\/10\/Image_Placeholder_3-131220211647-8-768x624.jpg 768w\" sizes=\"(max-width: 1027px) 100vw, 1027px\" \/><\/div><\/a>\n\t\t\t\t<div class=\"elementor-post__text\">\n\t\t\t\t<h4 class=\"elementor-post__title\">\n\t\t\t<a href=\"https:\/\/dissidentrole.it\/?p=495\" >\n\t\t\t\tBlog Post Title\t\t\t<\/a>\n\t\t<\/h4>\n\t\t\t\t<div class=\"elementor-post__excerpt\">\n\t\t\t<p>Blog post excerpt [1-2 lines]. This text is automatically pulled from your existing blog post.<\/p>\n\t\t<\/div>\n\t\t\n\t\t<a class=\"elementor-post__read-more\" href=\"https:\/\/dissidentrole.it\/?p=495\" aria-label=\"Read more about Blog Post Title\" tabindex=\"-1\" >\n\t\t\tRead More\t\t<\/a>\n\n\t\t\t\t<\/div>\n\t\t\t\t\t<\/div>\n\t\t<\/article>\n\t\t\t\t<article class=\"elementor-post elementor-grid-item post-491 post type-post status-publish format-standard has-post-thumbnail hentry category-blog\">\n\t\t\t<div class=\"elementor-post__card\">\n\t\t\t\t<a class=\"elementor-post__thumbnail__link\" href=\"https:\/\/dissidentrole.it\/?p=491\" tabindex=\"-1\" ><div class=\"elementor-post__thumbnail\"><img decoding=\"async\" width=\"1027\" height=\"835\" src=\"https:\/\/dissidentrole.it\/wp-content\/uploads\/2023\/10\/Image_Placeholder_3-131220211647-7.jpg\" class=\"attachment-full size-full wp-image-494\" alt=\"\" srcset=\"https:\/\/dissidentrole.it\/wp-content\/uploads\/2023\/10\/Image_Placeholder_3-131220211647-7.jpg 1027w, https:\/\/dissidentrole.it\/wp-content\/uploads\/2023\/10\/Image_Placeholder_3-131220211647-7-300x244.jpg 300w, https:\/\/dissidentrole.it\/wp-content\/uploads\/2023\/10\/Image_Placeholder_3-131220211647-7-1024x833.jpg 1024w, https:\/\/dissidentrole.it\/wp-content\/uploads\/2023\/10\/Image_Placeholder_3-131220211647-7-768x624.jpg 768w\" sizes=\"(max-width: 1027px) 100vw, 1027px\" \/><\/div><\/a>\n\t\t\t\t<div class=\"elementor-post__text\">\n\t\t\t\t<h4 class=\"elementor-post__title\">\n\t\t\t<a href=\"https:\/\/dissidentrole.it\/?p=491\" >\n\t\t\t\tBlog Post Title\t\t\t<\/a>\n\t\t<\/h4>\n\t\t\t\t<div class=\"elementor-post__excerpt\">\n\t\t\t<p>Blog post excerpt [1-2 lines]. This text is automatically pulled from your existing blog post.<\/p>\n\t\t<\/div>\n\t\t\n\t\t<a class=\"elementor-post__read-more\" href=\"https:\/\/dissidentrole.it\/?p=491\" aria-label=\"Read more about Blog Post Title\" tabindex=\"-1\" >\n\t\t\tRead More\t\t<\/a>\n\n\t\t\t\t<\/div>\n\t\t\t\t\t<\/div>\n\t\t<\/article>\n\t\t\t\t<article class=\"elementor-post elementor-grid-item post-487 post type-post status-publish format-standard has-post-thumbnail hentry category-blog\">\n\t\t\t<div class=\"elementor-post__card\">\n\t\t\t\t<a class=\"elementor-post__thumbnail__link\" href=\"https:\/\/dissidentrole.it\/?p=487\" tabindex=\"-1\" ><div class=\"elementor-post__thumbnail\"><img loading=\"lazy\" decoding=\"async\" width=\"1027\" height=\"835\" src=\"https:\/\/dissidentrole.it\/wp-content\/uploads\/2023\/10\/Image_Placeholder_3-131220211647-6.jpg\" class=\"attachment-full size-full wp-image-490\" alt=\"\" srcset=\"https:\/\/dissidentrole.it\/wp-content\/uploads\/2023\/10\/Image_Placeholder_3-131220211647-6.jpg 1027w, https:\/\/dissidentrole.it\/wp-content\/uploads\/2023\/10\/Image_Placeholder_3-131220211647-6-300x244.jpg 300w, https:\/\/dissidentrole.it\/wp-content\/uploads\/2023\/10\/Image_Placeholder_3-131220211647-6-1024x833.jpg 1024w, https:\/\/dissidentrole.it\/wp-content\/uploads\/2023\/10\/Image_Placeholder_3-131220211647-6-768x624.jpg 768w\" sizes=\"(max-width: 1027px) 100vw, 1027px\" \/><\/div><\/a>\n\t\t\t\t<div class=\"elementor-post__text\">\n\t\t\t\t<h4 class=\"elementor-post__title\">\n\t\t\t<a href=\"https:\/\/dissidentrole.it\/?p=487\" >\n\t\t\t\tBlog Post Title\t\t\t<\/a>\n\t\t<\/h4>\n\t\t\t\t<div class=\"elementor-post__excerpt\">\n\t\t\t<p>Blog post excerpt [1-2 lines]. This text is automatically pulled from your existing blog post.<\/p>\n\t\t<\/div>\n\t\t\n\t\t<a class=\"elementor-post__read-more\" href=\"https:\/\/dissidentrole.it\/?p=487\" aria-label=\"Read more about Blog Post Title\" tabindex=\"-1\" >\n\t\t\tRead More\t\t<\/a>\n\n\t\t\t\t<\/div>\n\t\t\t\t\t<\/div>\n\t\t<\/article>\n\t\t\t\t<article class=\"elementor-post elementor-grid-item post-483 post type-post status-publish format-standard has-post-thumbnail hentry category-blog\">\n\t\t\t<div class=\"elementor-post__card\">\n\t\t\t\t<a class=\"elementor-post__thumbnail__link\" href=\"https:\/\/dissidentrole.it\/?p=483\" tabindex=\"-1\" ><div class=\"elementor-post__thumbnail\"><img loading=\"lazy\" decoding=\"async\" width=\"1027\" height=\"835\" src=\"https:\/\/dissidentrole.it\/wp-content\/uploads\/2023\/10\/Image_Placeholder_3-131220211647-5.jpg\" class=\"attachment-full size-full wp-image-486\" alt=\"\" srcset=\"https:\/\/dissidentrole.it\/wp-content\/uploads\/2023\/10\/Image_Placeholder_3-131220211647-5.jpg 1027w, https:\/\/dissidentrole.it\/wp-content\/uploads\/2023\/10\/Image_Placeholder_3-131220211647-5-300x244.jpg 300w, https:\/\/dissidentrole.it\/wp-content\/uploads\/2023\/10\/Image_Placeholder_3-131220211647-5-1024x833.jpg 1024w, https:\/\/dissidentrole.it\/wp-content\/uploads\/2023\/10\/Image_Placeholder_3-131220211647-5-768x624.jpg 768w\" sizes=\"(max-width: 1027px) 100vw, 1027px\" \/><\/div><\/a>\n\t\t\t\t<div class=\"elementor-post__text\">\n\t\t\t\t<h4 class=\"elementor-post__title\">\n\t\t\t<a href=\"https:\/\/dissidentrole.it\/?p=483\" >\n\t\t\t\tBlog Post Title\t\t\t<\/a>\n\t\t<\/h4>\n\t\t\t\t<div class=\"elementor-post__excerpt\">\n\t\t\t<p>Blog post excerpt [1-2 lines]. This text is automatically pulled from your existing blog post.<\/p>\n\t\t<\/div>\n\t\t\n\t\t<a class=\"elementor-post__read-more\" href=\"https:\/\/dissidentrole.it\/?p=483\" aria-label=\"Read more about Blog Post Title\" tabindex=\"-1\" >\n\t\t\tRead More\t\t<\/a>\n\n\t\t\t\t<\/div>\n\t\t\t\t\t<\/div>\n\t\t<\/article>\n\t\t\t\t<article class=\"elementor-post elementor-grid-item post-479 post type-post status-publish format-standard has-post-thumbnail hentry category-blog\">\n\t\t\t<div class=\"elementor-post__card\">\n\t\t\t\t<a class=\"elementor-post__thumbnail__link\" href=\"https:\/\/dissidentrole.it\/?p=479\" tabindex=\"-1\" ><div class=\"elementor-post__thumbnail\"><img loading=\"lazy\" decoding=\"async\" width=\"1027\" height=\"835\" src=\"https:\/\/dissidentrole.it\/wp-content\/uploads\/2023\/10\/Image_Placeholder_3-131220211647-4.jpg\" class=\"attachment-full size-full wp-image-482\" alt=\"\" srcset=\"https:\/\/dissidentrole.it\/wp-content\/uploads\/2023\/10\/Image_Placeholder_3-131220211647-4.jpg 1027w, https:\/\/dissidentrole.it\/wp-content\/uploads\/2023\/10\/Image_Placeholder_3-131220211647-4-300x244.jpg 300w, https:\/\/dissidentrole.it\/wp-content\/uploads\/2023\/10\/Image_Placeholder_3-131220211647-4-1024x833.jpg 1024w, https:\/\/dissidentrole.it\/wp-content\/uploads\/2023\/10\/Image_Placeholder_3-131220211647-4-768x624.jpg 768w\" sizes=\"(max-width: 1027px) 100vw, 1027px\" \/><\/div><\/a>\n\t\t\t\t<div class=\"elementor-post__text\">\n\t\t\t\t<h4 class=\"elementor-post__title\">\n\t\t\t<a href=\"https:\/\/dissidentrole.it\/?p=479\" >\n\t\t\t\tBlog Post Title\t\t\t<\/a>\n\t\t<\/h4>\n\t\t\t\t<div class=\"elementor-post__excerpt\">\n\t\t\t<p>Blog post excerpt [1-2 lines]. This text is automatically pulled from your existing blog post.<\/p>\n\t\t<\/div>\n\t\t\n\t\t<a class=\"elementor-post__read-more\" href=\"https:\/\/dissidentrole.it\/?p=479\" aria-label=\"Read more about Blog Post Title\" tabindex=\"-1\" >\n\t\t\tRead More\t\t<\/a>\n\n\t\t\t\t<\/div>\n\t\t\t\t\t<\/div>\n\t\t<\/article>\n\t\t\t\t<\/div>\n\t\t\n\t\t\t\t\t\t<\/div>\n\t\t\t\t<\/div>\n\t\t\t\t\t<\/div>\n\t\t<\/div>\n\t\t\t\t\t<\/div>\n\t\t<\/section>\n\t\t\t\t<\/div>\n\t\t","protected":false},"excerpt":{"rendered":"<p>Chi siete? Cosa fate? Cosa portate? S\u00ec, ma quanti siete? Siamo un gruppo di persone o forse le diverse personalit\u00e0 di un singolo individuo con la passione per giochi di ruolo e librigame. Se vuoi saperne qualcosa in pi\u00f9, esiste una pagina apposita Lorem ipsum dolor sit amet, consectetur adipisicing elit. Optio, neque qui velit. [&hellip;]<\/p>\n","protected":false},"author":1,"featured_media":516,"parent":0,"menu_order":0,"comment_status":"closed","ping_status":"closed","template":"elementor_header_footer","meta":{"om_disable_all_campaigns":false,"_monsterinsights_skip_tracking":false,"_monsterinsights_sitenote_active":false,"_monsterinsights_sitenote_note":"","_monsterinsights_sitenote_category":0,"_uf_show_specific_survey":0,"_uf_disable_surveys":false,"footnotes":""},"class_list":["post-513","page","type-page","status-publish","has-post-thumbnail","hentry"],"blocksy_meta":[],"aioseo_notices":[],"_links":{"self":[{"href":"https:\/\/dissidentrole.it\/index.php?rest_route=\/wp\/v2\/pages\/513","targetHints":{"allow":["GET"]}}],"collection":[{"href":"https:\/\/dissidentrole.it\/index.php?rest_route=\/wp\/v2\/pages"}],"about":[{"href":"https:\/\/dissidentrole.it\/index.php?rest_route=\/wp\/v2\/types\/page"}],"author":[{"embeddable":true,"href":"https:\/\/dissidentrole.it\/index.php?rest_route=\/wp\/v2\/users\/1"}],"replies":[{"embeddable":true,"href":"https:\/\/dissidentrole.it\/index.php?rest_route=%2Fwp%2Fv2%2Fcomments&post=513"}],"version-history":[{"count":50,"href":"https:\/\/dissidentrole.it\/index.php?rest_route=\/wp\/v2\/pages\/513\/revisions"}],"predecessor-version":[{"id":623,"href":"https:\/\/dissidentrole.it\/index.php?rest_route=\/wp\/v2\/pages\/513\/revisions\/623"}],"wp:featuredmedia":[{"embeddable":true,"href":"https:\/\/dissidentrole.it\/index.php?rest_route=\/wp\/v2\/media\/516"}],"wp:attachment":[{"href":"https:\/\/dissidentrole.it\/index.php?rest_route=%2Fwp%2Fv2%2Fmedia&parent=513"}],"curies":[{"name":"wp","href":"https:\/\/api.w.org\/{rel}","templated":true}]}}